{"id":1257,"date":"2018-06-19T14:12:12","date_gmt":"2018-06-19T14:12:12","guid":{"rendered":"http:\/\/cocoacreek.3rdelementconsulting.com\/?page_id=1257"},"modified":"2018-09-26T17:46:02","modified_gmt":"2018-09-26T17:46:02","slug":"ooh-la-la","status":"publish","type":"page","link":"https:\/\/ccc.tipadmin.com\/index.php\/ooh-la-la\/","title":{"rendered":"Ooh L\u00e0 L\u00e0!"},"content":{"rendered":"<p>[vc_row][vc_column width=&#8221;2\/3&#8243;][vc_single_image image=&#8221;1526&#8243; img_size=&#8221;750&#215;500&#8243; add_caption=&#8221;yes&#8221; alignment=&#8221;center&#8221; style=&#8221;vc_box_shadow&#8221; onclick=&#8221;link_image&#8221;][\/vc_column][vc_column width=&#8221;1\/3&#8243;][vc_column_text]<\/p>\n<h3>Ooh L\u00e0 L\u00e0!<\/h3>\n<p>Say &#8220;Oui!&#8221; to this decadent assortment of truffles with <em>d\u00e9licieux<\/em> centers made from premium French chocolate, rich cream and a dose of &#8220;Je ne sais quoi.&#8221;\u00a0 When it comes to sweet treats, the French clearly know what they&#8217;re doing.\u00a0 Fruit, chocolate, cream, p\u00e2te \u00e0 choux pastry and, of course, champagne are central to the French culinary experience and form the inspiration for these <em>petits bijoux<\/em>.\u00a0 This collection will make you feel like you&#8217;re sitting in an adorable little <em>chocolaterie<\/em> on the Left Bank while Jean-Pierre lovingly serves you the shop&#8217;s most exquisite edible jewels.\u00a0 Herm\u00e8s bag optional.\u00a0 <em>\u00a0\u00a0<\/em><\/p>\n<p><em><strong>Includes a card describing the inspiration for each truffle flavor.<\/strong><\/em>[\/vc_column_text][\/vc_column][\/vc_row][vc_row][vc_column width=&#8221;1\/4&#8243;][vc_column_text]<strong>4\u00a0Piece Box<\/strong>\u00a0 \u00a0<i>(1 of each flavor)<\/i>[\/vc_column_text][\/vc_column][vc_column width=&#8221;1\/4&#8243;]<p class=\"product woocommerce add_to_cart_inline \" style=\"border:4px solid #ccc; padding: 12px;\"><span class=\"woocommerce-Price-amount amount\"><bdi><span class=\"woocommerce-Price-currencySymbol\">&#36;<\/span>8.00<\/bdi><\/span><span class=\"woocommerce_loop_add_to_cart_span hint--top hint--rounded hint--bounce hint--success\" aria-label=\"Read more\"><a rel=\"nofollow\" href=\"https:\/\/ccc.tipadmin.com\/index.php\/product\/ooh-la-la-4-piece-collection\/\" data-quantity=\"1\" data-product_id=\"1461\" data-product_sku=\"\" data-product_name=\"Ooh L\u00e0 L\u00e0! 4 Piece Collection\" class=\"button product_type_simple\" data-product_id=\"1461\" data-product_sku=\"\" aria-label=\"Read more about &ldquo;Ooh L\u00e0 L\u00e0! 4 Piece Collection&rdquo;\" rel=\"nofollow\">Read more<\/a><\/span><\/p>[\/vc_column][vc_column width=&#8221;1\/4&#8243;][vc_column_text]<strong>12 Piece Box<\/strong>\u00a0 \u00a0<i>(3 of each flavor)<\/i>[\/vc_column_text][\/vc_column][vc_column width=&#8221;1\/4&#8243;]<p class=\"product woocommerce add_to_cart_inline \" style=\"border:4px solid #ccc; padding: 12px;\"><span class=\"woocommerce-Price-amount amount\"><bdi><span class=\"woocommerce-Price-currencySymbol\">&#36;<\/span>24.00<\/bdi><\/span><span class=\"woocommerce_loop_add_to_cart_span hint--top hint--rounded hint--bounce hint--success\" aria-label=\"Read more\"><a rel=\"nofollow\" href=\"https:\/\/ccc.tipadmin.com\/index.php\/product\/ooh-la-la-12-piece-collection\/\" data-quantity=\"1\" data-product_id=\"1265\" data-product_sku=\"\" data-product_name=\"Ooh L\u00e0 L\u00e0! 12 Piece Collection\" class=\"button product_type_simple\" data-product_id=\"1265\" data-product_sku=\"\" aria-label=\"Read more about &ldquo;Ooh L\u00e0 L\u00e0! 12 Piece Collection&rdquo;\" rel=\"nofollow\">Read more<\/a><\/span><\/p>[\/vc_column][\/vc_row]<\/p>\n","protected":false},"excerpt":{"rendered":"<p>[vc_row][vc_column width=&#8221;2\/3&#8243;][vc_single_image image=&#8221;1526&#8243; img_size=&#8221;750&#215;500&#8243; add_caption=&#8221;yes&#8221; alignment=&#8221;center&#8221; style=&#8221;vc_box_shadow&#8221; onclick=&#8221;link_image&#8221;][\/vc_column][vc_column width=&#8221;1\/3&#8243;][vc_column_text] Ooh L\u00e0 L\u00e0! Say &#8220;Oui!&#8221; to this decadent assortment of truffles with d\u00e9licieux centers made from premium French chocolate, rich cream and a dose of &#8220;Je ne sais quoi.&#8221;\u00a0 When it comes to sweet treats, the French clearly know what they&#8217;re doing.\u00a0 Fruit, chocolate, cream, p\u00e2te&#8230;<\/p>\n","protected":false},"author":1,"featured_media":0,"parent":0,"menu_order":0,"comment_status":"closed","ping_status":"closed","template":"","meta":[],"_links":{"self":[{"href":"https:\/\/ccc.tipadmin.com\/index.php\/wp-json\/wp\/v2\/pages\/1257"}],"collection":[{"href":"https:\/\/ccc.tipadmin.com\/index.php\/wp-json\/wp\/v2\/pages"}],"about":[{"href":"https:\/\/ccc.tipadmin.com\/index.php\/wp-json\/wp\/v2\/types\/page"}],"author":[{"embeddable":true,"href":"https:\/\/ccc.tipadmin.com\/index.php\/wp-json\/wp\/v2\/users\/1"}],"replies":[{"embeddable":true,"href":"https:\/\/ccc.tipadmin.com\/index.php\/wp-json\/wp\/v2\/comments?post=1257"}],"version-history":[{"count":19,"href":"https:\/\/ccc.tipadmin.com\/index.php\/wp-json\/wp\/v2\/pages\/1257\/revisions"}],"predecessor-version":[{"id":1980,"href":"https:\/\/ccc.tipadmin.com\/index.php\/wp-json\/wp\/v2\/pages\/1257\/revisions\/1980"}],"wp:attachment":[{"href":"https:\/\/ccc.tipadmin.com\/index.php\/wp-json\/wp\/v2\/media?parent=1257"}],"curies":[{"name":"wp","href":"https:\/\/api.w.org\/{rel}","templated":true}]}}